{"id":1702,"date":"2022-03-16T15:34:44","date_gmt":"2022-03-16T15:34:44","guid":{"rendered":"https:\/\/coemco.org\/els-nostres-serveis\/"},"modified":"2022-03-30T12:55:40","modified_gmt":"2022-03-30T12:55:40","slug":"els-nostres-serveis","status":"publish","type":"page","link":"https:\/\/coemco.org\/ca\/els-nostres-serveis\/","title":{"rendered":"Els nostres serveis"},"content":{"rendered":"\t\t<div data-elementor-type=\"wp-page\" data-elementor-id=\"1702\" class=\"elementor elementor-1702 elementor-1280\">\n\t\t\t\t\t\t<section class=\"elementor-section elementor-top-section elementor-element elementor-element-9e0222b elementor-section-boxed elementor-section-height-default elementor-section-height-default\" data-id=\"9e0222b\" data-element_type=\"section\" data-settings=\"{&quot;jet_parallax_layout_list&quot;:[]}\">\n\t\t\t\t\t\t<div class=\"elementor-container elementor-column-gap-default\">\n\t\t\t\t\t<div class=\"elementor-column elementor-col-100 elementor-top-column elementor-element elementor-element-1cfdf78\" data-id=\"1cfdf78\" data-element_type=\"column\">\n\t\t\t<div class=\"elementor-widget-wrap elementor-element-populated\">\n\t\t\t\t\t\t<div class=\"elementor-element elementor-element-ad3c104 elementor-widget elementor-widget-heading\" data-id=\"ad3c104\" data-element_type=\"widget\" data-widget_type=\"heading.default\">\n\t\t\t\t<div class=\"elementor-widget-container\">\n\t\t\t\t\t<h2 class=\"elementor-heading-title elementor-size-default\">Els nostres serveis<\/h2>\t\t\t\t<\/div>\n\t\t\t\t<\/div>\n\t\t\t\t<div class=\"elementor-element elementor-element-9ea7ea9 elementor-widget elementor-widget-text-editor\" data-id=\"9ea7ea9\" data-element_type=\"widget\" data-widget_type=\"text-editor.default\">\n\t\t\t\t<div class=\"elementor-widget-container\">\n\t\t\t\t\t\t\t\t\t<p>\t\t<div data-elementor-type=\"section\" data-elementor-id=\"2084\" class=\"elementor elementor-2084 elementor-1266\">\n\t\t\t\t\t\t<section class=\"elementor-section elementor-top-section elementor-element elementor-element-7780ffd elementor-section-full_width elementor-section-height-default elementor-section-height-default\" data-id=\"7780ffd\" data-element_type=\"section\" data-settings=\"{&quot;jet_parallax_layout_list&quot;:[{&quot;jet_parallax_layout_image&quot;:{&quot;url&quot;:&quot;&quot;,&quot;id&quot;:&quot;&quot;,&quot;size&quot;:&quot;&quot;},&quot;_id&quot;:&quot;bd1d1c0&quot;,&quot;jet_parallax_layout_speed&quot;:{&quot;unit&quot;:&quot;%&quot;,&quot;size&quot;:&quot;50&quot;,&quot;sizes&quot;:[]},&quot;jet_parallax_layout_bg_x&quot;:&quot;50&quot;,&quot;jet_parallax_layout_bg_y&quot;:&quot;50&quot;,&quot;jet_parallax_layout_image_tablet&quot;:{&quot;url&quot;:&quot;&quot;,&quot;id&quot;:&quot;&quot;,&quot;size&quot;:&quot;&quot;},&quot;jet_parallax_layout_image_mobile&quot;:{&quot;url&quot;:&quot;&quot;,&quot;id&quot;:&quot;&quot;,&quot;size&quot;:&quot;&quot;},&quot;jet_parallax_layout_type&quot;:&quot;scroll&quot;,&quot;jet_parallax_layout_direction&quot;:null,&quot;jet_parallax_layout_fx_direction&quot;:null,&quot;jet_parallax_layout_z_index&quot;:&quot;&quot;,&quot;jet_parallax_layout_bg_x_tablet&quot;:&quot;&quot;,&quot;jet_parallax_layout_bg_x_mobile&quot;:&quot;&quot;,&quot;jet_parallax_layout_bg_y_tablet&quot;:&quot;&quot;,&quot;jet_parallax_layout_bg_y_mobile&quot;:&quot;&quot;,&quot;jet_parallax_layout_bg_size&quot;:&quot;auto&quot;,&quot;jet_parallax_layout_bg_size_tablet&quot;:&quot;&quot;,&quot;jet_parallax_layout_bg_size_mobile&quot;:&quot;&quot;,&quot;jet_parallax_layout_animation_prop&quot;:&quot;transform&quot;,&quot;jet_parallax_layout_on&quot;:[&quot;desktop&quot;,&quot;tablet&quot;]}]}\">\n\t\t\t\t\t\t<div class=\"elementor-container elementor-column-gap-default\">\n\t\t\t\t\t<div class=\"elementor-column elementor-col-50 elementor-top-column elementor-element elementor-element-296a5cc\" data-id=\"296a5cc\" data-element_type=\"column\">\n\t\t\t<div class=\"elementor-widget-wrap elementor-element-populated\">\n\t\t\t\t\t\t<div class=\"elementor-element elementor-element-d36b74c elementor-widget elementor-widget-jet-animated-box\" data-id=\"d36b74c\" data-element_type=\"widget\" data-widget_type=\"jet-animated-box.default\">\n\t\t\t\t<div class=\"elementor-widget-container\">\n\t\t\t\t\t<div class=\"elementor-jet-animated-box jet-elements\"><div id=\"jet-animated-box-d36b74c\" class=\"jet-animated-box jet-box-effect-1\" data-settings='{\"widgetId\":\"d36b74c\",\"switchEventType\":\"hover\",\"paperFoldDirection\":\"left\",\"slideOutDirection\":\"left\",\"peelCornerPosition\":\"right\"}'>\n\t<div id=\"jet-animated-box__front-d36b74c\" class=\"jet-animated-box__front\">\n\t\t<div class=\"jet-animated-box__inner\"><div class=\"jet-animated-box__content\"><\/div><\/div>\n\t\t<div class=\"jet-animated-box__overlay\"><\/div><\/div>\n\t<div id=\"jet-animated-box__back-d36b74c\" class=\"jet-animated-box__back\">\n\t\t<div class=\"jet-animated-box__inner\"><div class=\"jet-animated-box__content\"><h3 class=\"jet-animated-box__title jet-animated-box__title--back\">Hospitals<\/h3><h4 class=\"jet-animated-box__subtitle jet-animated-box__subtitle--back\">&#8220;Que la teva medicina sigui el teu aliment, i el teu aliment sigui la teva medicina\u201d<\/h4><p class=\"jet-animated-box__description jet-animated-box__description--back\">Servei d\u2019Alimentaci\u00f3 a pacients. <br>\nServei de restauraci\u00f3 per a les cafeteries de p\u00fablic i de personal.<br>\nServeis Especials.<br>\nVending.\n<\/p><\/div><\/div>\n\t\t<div class=\"jet-animated-box__overlay\"><\/div><\/div>\n<\/div>\n<\/div>\t\t\t\t<\/div>\n\t\t\t\t<\/div>\n\t\t\t\t\t<\/div>\n\t\t<\/div>\n\t\t\t\t<div class=\"elementor-column elementor-col-50 elementor-top-column elementor-element elementor-element-ad7371a\" data-id=\"ad7371a\" data-element_type=\"column\">\n\t\t\t<div class=\"elementor-widget-wrap elementor-element-populated\">\n\t\t\t\t\t\t<div class=\"elementor-element elementor-element-88e91dd elementor-widget elementor-widget-jet-animated-box\" data-id=\"88e91dd\" data-element_type=\"widget\" data-widget_type=\"jet-animated-box.default\">\n\t\t\t\t<div class=\"elementor-widget-container\">\n\t\t\t\t\t<div class=\"elementor-jet-animated-box jet-elements\"><div id=\"jet-animated-box-88e91dd\" class=\"jet-animated-box jet-box-effect-1\" data-settings='{\"widgetId\":\"88e91dd\",\"switchEventType\":\"hover\",\"paperFoldDirection\":\"left\",\"slideOutDirection\":\"left\",\"peelCornerPosition\":\"right\"}'>\n\t<div id=\"jet-animated-box__front-88e91dd\" class=\"jet-animated-box__front\">\n\t\t<div class=\"jet-animated-box__inner\"><div class=\"jet-animated-box__content\"><\/div><\/div>\n\t\t<div class=\"jet-animated-box__overlay\"><\/div><\/div>\n\t<div id=\"jet-animated-box__back-88e91dd\" class=\"jet-animated-box__back\">\n\t\t<div class=\"jet-animated-box__inner\"><div class=\"jet-animated-box__content\"><h3 class=\"jet-animated-box__title jet-animated-box__title--back\">LLARS D\u2019AVIS<\/h3><h4 class=\"jet-animated-box__subtitle jet-animated-box__subtitle--back\">L\u2019alimentaci\u00f3 com un motiu de satisfacci\u00f3, no de preocupaci\u00f3<\/h4><p class=\"jet-animated-box__description jet-animated-box__description--back\">Cuina i nutrici\u00f3. <br>Servei d&#8217;alimentaci\u00f3 a residents a totes les ingestes di\u00e0ries, seguint les recomanacions nutricionals sense perdre l&#8217;esperit del menjar casol\u00e0 tradicional que ens caracteritza\n<\/p><\/div><\/div>\n\t\t<div class=\"jet-animated-box__overlay\"><\/div><\/div>\n<\/div>\n<\/div>\t\t\t\t<\/div>\n\t\t\t\t<\/div>\n\t\t\t\t\t<\/div>\n\t\t<\/div>\n\t\t\t\t\t<\/div>\n\t\t<\/section>\n\t\t\t\t<section class=\"elementor-section elementor-top-section elementor-element elementor-element-41e151f elementor-section-full_width elementor-section-height-default elementor-section-height-default\" data-id=\"41e151f\" data-element_type=\"section\" data-settings=\"{&quot;jet_parallax_layout_list&quot;:[{&quot;jet_parallax_layout_image&quot;:{&quot;url&quot;:&quot;&quot;,&quot;id&quot;:&quot;&quot;,&quot;size&quot;:&quot;&quot;},&quot;_id&quot;:&quot;bd1d1c0&quot;,&quot;jet_parallax_layout_speed&quot;:{&quot;unit&quot;:&quot;%&quot;,&quot;size&quot;:&quot;50&quot;,&quot;sizes&quot;:[]},&quot;jet_parallax_layout_bg_x&quot;:&quot;50&quot;,&quot;jet_parallax_layout_bg_y&quot;:&quot;50&quot;,&quot;jet_parallax_layout_image_tablet&quot;:{&quot;url&quot;:&quot;&quot;,&quot;id&quot;:&quot;&quot;,&quot;size&quot;:&quot;&quot;},&quot;jet_parallax_layout_image_mobile&quot;:{&quot;url&quot;:&quot;&quot;,&quot;id&quot;:&quot;&quot;,&quot;size&quot;:&quot;&quot;},&quot;jet_parallax_layout_type&quot;:&quot;scroll&quot;,&quot;jet_parallax_layout_direction&quot;:null,&quot;jet_parallax_layout_fx_direction&quot;:null,&quot;jet_parallax_layout_z_index&quot;:&quot;&quot;,&quot;jet_parallax_layout_bg_x_tablet&quot;:&quot;&quot;,&quot;jet_parallax_layout_bg_x_mobile&quot;:&quot;&quot;,&quot;jet_parallax_layout_bg_y_tablet&quot;:&quot;&quot;,&quot;jet_parallax_layout_bg_y_mobile&quot;:&quot;&quot;,&quot;jet_parallax_layout_bg_size&quot;:&quot;auto&quot;,&quot;jet_parallax_layout_bg_size_tablet&quot;:&quot;&quot;,&quot;jet_parallax_layout_bg_size_mobile&quot;:&quot;&quot;,&quot;jet_parallax_layout_animation_prop&quot;:&quot;transform&quot;,&quot;jet_parallax_layout_on&quot;:[&quot;desktop&quot;,&quot;tablet&quot;]}]}\">\n\t\t\t\t\t\t<div class=\"elementor-container elementor-column-gap-default\">\n\t\t\t\t\t<div class=\"elementor-column elementor-col-50 elementor-top-column elementor-element elementor-element-c4a209c\" data-id=\"c4a209c\" data-element_type=\"column\">\n\t\t\t<div class=\"elementor-widget-wrap elementor-element-populated\">\n\t\t\t\t\t\t<div class=\"elementor-element elementor-element-88e1321 elementor-widget elementor-widget-jet-animated-box\" data-id=\"88e1321\" data-element_type=\"widget\" data-widget_type=\"jet-animated-box.default\">\n\t\t\t\t<div class=\"elementor-widget-container\">\n\t\t\t\t\t<div class=\"elementor-jet-animated-box jet-elements\"><div id=\"jet-animated-box-88e1321\" class=\"jet-animated-box jet-box-effect-1\" data-settings='{\"widgetId\":\"88e1321\",\"switchEventType\":\"hover\",\"paperFoldDirection\":\"left\",\"slideOutDirection\":\"left\",\"peelCornerPosition\":\"right\"}'>\n\t<div id=\"jet-animated-box__front-88e1321\" class=\"jet-animated-box__front\">\n\t\t<div class=\"jet-animated-box__inner\"><div class=\"jet-animated-box__content\"><\/div><\/div>\n\t\t<div class=\"jet-animated-box__overlay\"><\/div><\/div>\n\t<div id=\"jet-animated-box__back-88e1321\" class=\"jet-animated-box__back\">\n\t\t<div class=\"jet-animated-box__inner\"><div class=\"jet-animated-box__content\"><h3 class=\"jet-animated-box__title jet-animated-box__title--back\">ESCOLES I UNIVERSITATS<\/h3><h4 class=\"jet-animated-box__subtitle jet-animated-box__subtitle--back\">Alimentar b\u00e9 \u00e9s educar millor<\/h4><p class=\"jet-animated-box__description jet-animated-box__description--back\">Servei d&#8217;alimentaci\u00f3 a totes les etapes: infantil, prim\u00e0ria, secund\u00e0ria, batxillerat i etapa universit\u00e0ria.<br>\nPrograma educatiu adaptat.\n<\/p><\/div><\/div>\n\t\t<div class=\"jet-animated-box__overlay\"><\/div><\/div>\n<\/div>\n<\/div>\t\t\t\t<\/div>\n\t\t\t\t<\/div>\n\t\t\t\t\t<\/div>\n\t\t<\/div>\n\t\t\t\t<div class=\"elementor-column elementor-col-50 elementor-top-column elementor-element elementor-element-9185e5b\" data-id=\"9185e5b\" data-element_type=\"column\">\n\t\t\t<div class=\"elementor-widget-wrap elementor-element-populated\">\n\t\t\t\t\t\t<div class=\"elementor-element elementor-element-6b8ebae elementor-widget elementor-widget-jet-animated-box\" data-id=\"6b8ebae\" data-element_type=\"widget\" data-widget_type=\"jet-animated-box.default\">\n\t\t\t\t<div class=\"elementor-widget-container\">\n\t\t\t\t\t<div class=\"elementor-jet-animated-box jet-elements\"><div id=\"jet-animated-box-6b8ebae\" class=\"jet-animated-box jet-box-effect-1\" data-settings='{\"widgetId\":\"6b8ebae\",\"switchEventType\":\"hover\",\"paperFoldDirection\":\"left\",\"slideOutDirection\":\"left\",\"peelCornerPosition\":\"right\"}'>\n\t<div id=\"jet-animated-box__front-6b8ebae\" class=\"jet-animated-box__front\">\n\t\t<div class=\"jet-animated-box__inner\"><div class=\"jet-animated-box__content\"><\/div><\/div>\n\t\t<div class=\"jet-animated-box__overlay\"><\/div><\/div>\n\t<div id=\"jet-animated-box__back-6b8ebae\" class=\"jet-animated-box__back\">\n\t\t<div class=\"jet-animated-box__inner\"><div class=\"jet-animated-box__content\"><h3 class=\"jet-animated-box__title jet-animated-box__title--back\">EMPRESES<\/h3><h4 class=\"jet-animated-box__subtitle jet-animated-box__subtitle--back\">Alimentem la creativitat<\/h4><p class=\"jet-animated-box__description jet-animated-box__description--back\">Servei de restauraci\u00f3 men\u00fa diari.<br>\nServei de restauraci\u00f3 a la carta. <br>\nTake Away<br> <br>\nServeis especials: Coffee breaks, Lunch, Aperitius, Food trucks<\/p><\/div><\/div>\n\t\t<div class=\"jet-animated-box__overlay\"><\/div><\/div>\n<\/div>\n<\/div>\t\t\t\t<\/div>\n\t\t\t\t<\/div>\n\t\t\t\t\t<\/div>\n\t\t<\/div>\n\t\t\t\t\t<\/div>\n\t\t<\/section>\n\t\t\t\t<\/div>\n\t\t<\/p>\t\t\t\t\t\t\t\t<\/div>\n\t\t\t\t<\/div>\n\t\t\t\t\t<\/div>\n\t\t<\/div>\n\t\t\t\t\t<\/div>\n\t\t<\/section>\n\t\t\t\t<\/div>\n\t\t","protected":false},"excerpt":{"rendered":"<p>Els nostres serveis<\/p>\n","protected":false},"author":2,"featured_media":0,"parent":0,"menu_order":0,"comment_status":"closed","ping_status":"closed","template":"elementor_header_footer","meta":{"_acf_changed":false,"footnotes":""},"class_list":["post-1702","page","type-page","status-publish","hentry"],"acf":[],"_links":{"self":[{"href":"https:\/\/coemco.org\/ca\/wp-json\/wp\/v2\/pages\/1702","targetHints":{"allow":["GET"]}}],"collection":[{"href":"https:\/\/coemco.org\/ca\/wp-json\/wp\/v2\/pages"}],"about":[{"href":"https:\/\/coemco.org\/ca\/wp-json\/wp\/v2\/types\/page"}],"author":[{"embeddable":true,"href":"https:\/\/coemco.org\/ca\/wp-json\/wp\/v2\/users\/2"}],"replies":[{"embeddable":true,"href":"https:\/\/coemco.org\/ca\/wp-json\/wp\/v2\/comments?post=1702"}],"version-history":[{"count":6,"href":"https:\/\/coemco.org\/ca\/wp-json\/wp\/v2\/pages\/1702\/revisions"}],"predecessor-version":[{"id":2112,"href":"https:\/\/coemco.org\/ca\/wp-json\/wp\/v2\/pages\/1702\/revisions\/2112"}],"wp:attachment":[{"href":"https:\/\/coemco.org\/ca\/wp-json\/wp\/v2\/media?parent=1702"}],"curies":[{"name":"wp","href":"https:\/\/api.w.org\/{rel}","templated":true}]}}