{"id":1743,"date":"2019-06-17T07:51:30","date_gmt":"2019-06-17T07:51:30","guid":{"rendered":"https:\/\/coemco.org\/contacte\/"},"modified":"2022-07-06T11:05:23","modified_gmt":"2022-07-06T11:05:23","slug":"contacte","status":"publish","type":"page","link":"https:\/\/coemco.org\/ca\/contacte\/","title":{"rendered":"Contacte"},"content":{"rendered":"\t\t<div data-elementor-type=\"wp-post\" data-elementor-id=\"1743\" class=\"elementor elementor-1743 elementor-28\">\n\t\t\t\t\t\t<section class=\"elementor-section elementor-top-section elementor-element elementor-element-0cd7348 elementor-section-boxed elementor-section-height-default elementor-section-height-default\" data-id=\"0cd7348\" data-element_type=\"section\" data-settings=\"{&quot;jet_parallax_layout_list&quot;:[{&quot;jet_parallax_layout_image&quot;:{&quot;url&quot;:&quot;&quot;,&quot;id&quot;:&quot;&quot;,&quot;size&quot;:&quot;&quot;},&quot;_id&quot;:&quot;fab8e40&quot;,&quot;jet_parallax_layout_image_tablet&quot;:{&quot;url&quot;:&quot;&quot;,&quot;id&quot;:&quot;&quot;,&quot;size&quot;:&quot;&quot;},&quot;jet_parallax_layout_image_mobile&quot;:{&quot;url&quot;:&quot;&quot;,&quot;id&quot;:&quot;&quot;,&quot;size&quot;:&quot;&quot;},&quot;jet_parallax_layout_speed&quot;:{&quot;unit&quot;:&quot;%&quot;,&quot;size&quot;:50,&quot;sizes&quot;:[]},&quot;jet_parallax_layout_type&quot;:&quot;scroll&quot;,&quot;jet_parallax_layout_direction&quot;:null,&quot;jet_parallax_layout_fx_direction&quot;:null,&quot;jet_parallax_layout_z_index&quot;:&quot;&quot;,&quot;jet_parallax_layout_bg_x&quot;:50,&quot;jet_parallax_layout_bg_x_tablet&quot;:&quot;&quot;,&quot;jet_parallax_layout_bg_x_mobile&quot;:&quot;&quot;,&quot;jet_parallax_layout_bg_y&quot;:50,&quot;jet_parallax_layout_bg_y_tablet&quot;:&quot;&quot;,&quot;jet_parallax_layout_bg_y_mobile&quot;:&quot;&quot;,&quot;jet_parallax_layout_bg_size&quot;:&quot;auto&quot;,&quot;jet_parallax_layout_bg_size_tablet&quot;:&quot;&quot;,&quot;jet_parallax_layout_bg_size_mobile&quot;:&quot;&quot;,&quot;jet_parallax_layout_animation_prop&quot;:&quot;transform&quot;,&quot;jet_parallax_layout_on&quot;:[&quot;desktop&quot;,&quot;tablet&quot;]}]}\">\n\t\t\t\t\t\t<div class=\"elementor-container elementor-column-gap-default\">\n\t\t\t\t\t<div class=\"elementor-column elementor-col-50 elementor-top-column elementor-element elementor-element-f422f47\" data-id=\"f422f47\" data-element_type=\"column\">\n\t\t\t<div class=\"elementor-widget-wrap elementor-element-populated\">\n\t\t\t\t\t\t<div class=\"elementor-element elementor-element-11908ab elementor-align-center elementor-widget elementor-widget-raven-heading\" data-id=\"11908ab\" data-element_type=\"widget\" data-widget_type=\"raven-heading.default\">\n\t\t\t\t<div class=\"elementor-widget-container\">\n\t\t\t\t\t\t\t<div class=\"raven-widget-wrapper\"><h2 class=\"raven-heading raven-heading-h2\"><span class=\"raven-heading-title \">Volem saber de tu<\/span><\/h2><\/div>\n\t\t\t\t\t\t<\/div>\n\t\t\t\t<\/div>\n\t\t\t\t<div class=\"elementor-element elementor-element-842a125 elementor-widget elementor-widget-wpforms\" data-id=\"842a125\" data-element_type=\"widget\" data-widget_type=\"wpforms.default\">\n\t\t\t\t<div class=\"elementor-widget-container\">\n\t\t\t\t\t<div class=\"wpforms-container wpforms-container-full\" id=\"wpforms-1343\"><form id=\"wpforms-form-1343\" class=\"wpforms-validate wpforms-form wpforms-ajax-form\" data-formid=\"1343\" method=\"post\" enctype=\"multipart\/form-data\" action=\"\/ca\/wp-json\/wp\/v2\/pages\/1743\" data-token=\"5eb38013d626df46f299440472bee212\" data-token-time=\"1776767468\"><noscript class=\"wpforms-error-noscript\">Activeu el JavaScript al navegador per a poder completar el formulari.<\/noscript><div class=\"wpforms-field-container\"><div id=\"wpforms-1343-field_0-container\" class=\"wpforms-field wpforms-field-name wpforms-one-third wpforms-first\" data-field-id=\"0\"><label class=\"wpforms-field-label wpforms-label-hide\" for=\"wpforms-1343-field_0\">Nom<\/label><input type=\"text\" id=\"wpforms-1343-field_0\" class=\"wpforms-field-large\" name=\"wpforms[fields][0]\" placeholder=\"Nom\" ><\/div><div id=\"wpforms-1343-field_1-container\" class=\"wpforms-field wpforms-field-email wpforms-one-third\" data-field-id=\"1\"><label class=\"wpforms-field-label wpforms-label-hide\" for=\"wpforms-1343-field_1\">E-mail<\/label><input type=\"email\" id=\"wpforms-1343-field_1\" class=\"wpforms-field-large\" name=\"wpforms[fields][1]\" placeholder=\"E-mail\" spellcheck=\"false\" ><\/div><div id=\"wpforms-1343-field_3-container\" class=\"wpforms-field wpforms-field-text wpforms-one-third\" data-field-id=\"3\"><label class=\"wpforms-field-label wpforms-label-hide\" for=\"wpforms-1343-field_3\">Tel\u00e8fon<\/label><input type=\"text\" id=\"wpforms-1343-field_3\" class=\"wpforms-field-large wpforms-masked-input\" data-rule-inputmask-incomplete=\"1\" data-inputmask-mask=\"999999999\" name=\"wpforms[fields][3]\" placeholder=\"Tel\u00e8fon\" ><\/div><div id=\"wpforms-1343-field_2-container\" class=\"wpforms-field wpforms-field-textarea\" data-field-id=\"2\"><label class=\"wpforms-field-label wpforms-label-hide\" for=\"wpforms-1343-field_2\">Missatge<\/label><textarea id=\"wpforms-1343-field_2\" class=\"wpforms-field-large\" name=\"wpforms[fields][2]\" placeholder=\"Missatge\" ><\/textarea><\/div><div id=\"wpforms-1343-field_4-container\" class=\"wpforms-field wpforms-field-checkbox\" data-field-id=\"4\"><label class=\"wpforms-field-label\">Checkboxes <span class=\"wpforms-required-label\">*<\/span><\/label><ul id=\"wpforms-1343-field_4\" class=\"wpforms-field-required\"><li class=\"choice-1 depth-1\"><input type=\"checkbox\" id=\"wpforms-1343-field_4_1\" name=\"wpforms[fields][4][]\" value=\"He llegit i accepto la  pol\u00edtica de protecci\u00f3 de dades de la web\u2019 \" required ><label class=\"wpforms-field-label-inline\" for=\"wpforms-1343-field_4_1\">He llegit i accepto la  pol\u00edtica de protecci\u00f3 de dades de la web\u2019<\/label><\/li><\/ul><div class=\"wpforms-field-description\">En compliment del que s'estableix en la normativa sobre Protecci\u00f3 de Dades de Car\u00e0cter Personal vigent, els informem que les seves dades de car\u00e0cter personal seran tractats per part de COEMCO RESTAURACI\u00d3, S. a., en qualitat de responsable del tractament amb la finalitat de gesti\u00f3 de les sol\u00b7licituds d'informaci\u00f3 que arriba a trav\u00e9s de formularis web o xarxes socials. La base de legitimaci\u00f3 del tractament de les seves dades \u00e9s el seu consentiment en enviar el present formulari. Aix\u00ed mateix, els informem que excepte obligaci\u00f3 legal o consentiment expr\u00e9s per part seva, COEMCO RESTAURACI\u00d3, S. a. no cedir\u00e0 les seves dades a terceres persones. Vost\u00e8 t\u00e9 dret a obtenir confirmaci\u00f3 sobre si en COEMCO RESTAURACI\u00d3N, S. A. estem tractant les seves dades personals per tant t\u00e9 dret a accedir a les seves dades personals, rectificar les dades inexactes o sol\u00b7licitar la seva supressi\u00f3 quan les dades ja no siguin necessaris com tamb\u00e9 exercir els altres drets recollits per la normativa de la forma que s'explica en la informaci\u00f3 addicional. Vost\u00e8 pot exercitar els drets esmentats en els termes establerts en la normativa vigent dirigint-se a COEMCO RESTAURACI\u00d3N S.A., amb CIF A-58591983., Carrer Abadessa Olzet, 14 Bis, Esc A, bxs, 08034 (BARCELONA), Tel\u00e8fon: 93 206 10 90, E-mail: rgpd@coemco.es. Aix\u00ed mateix, Vost\u00e8 pot sol\u00b7licitar a les mateixes dades de contacte, informaci\u00f3 addicional detallada sobre la nostra <a href=\"proteccion-datos\">pol\u00edtica de protecci\u00f3 de dades.<\/a><\/div><\/div><\/div><!-- .wpforms-field-container --><div class=\"wpforms-submit-container\" ><input type=\"hidden\" name=\"wpforms[id]\" value=\"1343\"><input type=\"hidden\" name=\"page_title\" value=\"\"><input type=\"hidden\" name=\"page_url\" value=\"https:\/\/coemco.org\/ca\/wp-json\/wp\/v2\/pages\/1743\"><input type=\"hidden\" name=\"url_referer\" value=\"\"><button type=\"submit\" name=\"wpforms[submit]\" id=\"wpforms-submit-1343\" class=\"wpforms-submit\" data-alt-text=\"Enviant...\" data-submit-text=\"Enviar\" aria-live=\"assertive\" value=\"wpforms-submit\">Enviar<\/button><img decoding=\"async\" src=\"https:\/\/coemco.org\/wp-content\/plugins\/wpforms-lite\/assets\/images\/submit-spin.svg\" class=\"wpforms-submit-spinner\" style=\"display: none;\" width=\"26\" height=\"26\" alt=\"S&#039;est\u00e0 carregant\"><\/div><\/form><\/div>  <!-- .wpforms-container -->\t\t\t\t<\/div>\n\t\t\t\t<\/div>\n\t\t\t\t\t<\/div>\n\t\t<\/div>\n\t\t\t\t<div class=\"elementor-column elementor-col-50 elementor-top-column elementor-element elementor-element-c82d5f5\" data-id=\"c82d5f5\" data-element_type=\"column\">\n\t\t\t<div class=\"elementor-widget-wrap elementor-element-populated\">\n\t\t\t\t\t\t<div class=\"elementor-element elementor-element-470a2b8 elementor-align-left elementor-widget elementor-widget-raven-heading\" data-id=\"470a2b8\" data-element_type=\"widget\" data-widget_type=\"raven-heading.default\">\n\t\t\t\t<div class=\"elementor-widget-container\">\n\t\t\t\t\t\t\t<div class=\"raven-widget-wrapper\"><h2 class=\"raven-heading raven-heading-h2\"><span class=\"raven-heading-title \">Som una empresa d'alimentaci\u00f3 per a col\u00b7lectivitats<\/span><\/h2><\/div>\n\t\t\t\t\t\t<\/div>\n\t\t\t\t<\/div>\n\t\t\t\t<div class=\"elementor-element elementor-element-cd501d8 elementor-widget elementor-widget-text-editor\" data-id=\"cd501d8\" data-element_type=\"widget\" data-widget_type=\"text-editor.default\">\n\t\t\t\t<div class=\"elementor-widget-container\">\n\t\t\t\t\t\t\t\t\t<p>Som una empresa d&#8217;alimentaci\u00f3 per a col\u00b7lectivitats compromesa amb les persones, el territori i el nostre planeta.<br>Coemco neix l\u2019any 1976 amb la voluntat d\u2019oferir de manera professional un servei d\u2019alimentaci\u00f3 de qualitat en col\u00b7lectivitats, amb comprom\u00eds, implicaci\u00f3 i responsabilitat.<\/p>\t\t\t\t\t\t\t\t<\/div>\n\t\t\t\t<\/div>\n\t\t\t\t<div class=\"elementor-element elementor-element-ef6e70c elementor-align-left elementor-widget elementor-widget-raven-heading\" data-id=\"ef6e70c\" data-element_type=\"widget\" data-widget_type=\"raven-heading.default\">\n\t\t\t\t<div class=\"elementor-widget-container\">\n\t\t\t\t\t\t\t<div class=\"raven-widget-wrapper\"><h3 class=\"raven-heading raven-heading-h3\"><span class=\"raven-heading-title \">Adre\u00e7a<\/span><\/h3><\/div>\n\t\t\t\t\t\t<\/div>\n\t\t\t\t<\/div>\n\t\t\t\t<div class=\"elementor-element elementor-element-a7107d0 elementor-widget elementor-widget-text-editor\" data-id=\"a7107d0\" data-element_type=\"widget\" data-widget_type=\"text-editor.default\">\n\t\t\t\t<div class=\"elementor-widget-container\">\n\t\t\t\t\t\t\t\t\t<p><span style=\"color: #262626;\">Abadessa Olzet, 14 bis, ed. A, esc. A, Bxs <\/span><br><span style=\"color: #262626;\">08034 Barcelona<\/span><\/p>\t\t\t\t\t\t\t\t<\/div>\n\t\t\t\t<\/div>\n\t\t\t\t<div class=\"elementor-element elementor-element-f0d2d17 elementor-align-left elementor-widget elementor-widget-raven-heading\" data-id=\"f0d2d17\" data-element_type=\"widget\" data-widget_type=\"raven-heading.default\">\n\t\t\t\t<div class=\"elementor-widget-container\">\n\t\t\t\t\t\t\t<div class=\"raven-widget-wrapper\"><h3 class=\"raven-heading raven-heading-h3\"><span class=\"raven-heading-title \">Tel\u00e8fon<\/span><\/h3><\/div>\n\t\t\t\t\t\t<\/div>\n\t\t\t\t<\/div>\n\t\t\t\t<div class=\"elementor-element elementor-element-bef8cdd elementor-icon-list--layout-traditional elementor-list-item-link-full_width elementor-widget elementor-widget-icon-list\" data-id=\"bef8cdd\" data-element_type=\"widget\" data-widget_type=\"icon-list.default\">\n\t\t\t\t<div class=\"elementor-widget-container\">\n\t\t\t\t\t\t\t<ul class=\"elementor-icon-list-items\">\n\t\t\t\t\t\t\t<li class=\"elementor-icon-list-item\">\n\t\t\t\t\t\t\t\t\t\t\t<a href=\"tel:+34932061090\">\n\n\t\t\t\t\t\t\t\t\t\t\t<span class=\"elementor-icon-list-text\">932 061 090<\/span>\n\t\t\t\t\t\t\t\t\t\t\t<\/a>\n\t\t\t\t\t\t\t\t\t<\/li>\n\t\t\t\t\t\t<\/ul>\n\t\t\t\t\t\t<\/div>\n\t\t\t\t<\/div>\n\t\t\t\t<div class=\"elementor-element elementor-element-07c4f69 elementor-align-left elementor-widget elementor-widget-raven-heading\" data-id=\"07c4f69\" data-element_type=\"widget\" data-widget_type=\"raven-heading.default\">\n\t\t\t\t<div class=\"elementor-widget-container\">\n\t\t\t\t\t\t\t<div class=\"raven-widget-wrapper\"><h3 class=\"raven-heading raven-heading-h3\"><span class=\"raven-heading-title \">Email<\/span><\/h3><\/div>\n\t\t\t\t\t\t<\/div>\n\t\t\t\t<\/div>\n\t\t\t\t<div class=\"elementor-element elementor-element-4d6549e elementor-icon-list--layout-traditional elementor-list-item-link-full_width elementor-widget elementor-widget-icon-list\" data-id=\"4d6549e\" data-element_type=\"widget\" data-widget_type=\"icon-list.default\">\n\t\t\t\t<div class=\"elementor-widget-container\">\n\t\t\t\t\t\t\t<ul class=\"elementor-icon-list-items\">\n\t\t\t\t\t\t\t<li class=\"elementor-icon-list-item\">\n\t\t\t\t\t\t\t\t\t\t\t<a href=\"mailto:hola@coemco.org\">\n\n\t\t\t\t\t\t\t\t\t\t\t<span class=\"elementor-icon-list-text\">hola@coemco.org<\/span>\n\t\t\t\t\t\t\t\t\t\t\t<\/a>\n\t\t\t\t\t\t\t\t\t<\/li>\n\t\t\t\t\t\t<\/ul>\n\t\t\t\t\t\t<\/div>\n\t\t\t\t<\/div>\n\t\t\t\t<div class=\"elementor-element elementor-element-eab2583 elementor-align-left elementor-widget elementor-widget-raven-heading\" data-id=\"eab2583\" data-element_type=\"widget\" data-widget_type=\"raven-heading.default\">\n\t\t\t\t<div class=\"elementor-widget-container\">\n\t\t\t\t\t\t\t<div class=\"raven-widget-wrapper\"><h3 class=\"raven-heading raven-heading-h3\"><span class=\"raven-heading-title \">Vols formar part del nostre equip?<\/span><\/h3><\/div>\n\t\t\t\t\t\t<\/div>\n\t\t\t\t<\/div>\n\t\t\t\t<div class=\"elementor-element elementor-element-6f95805 elementor-icon-list--layout-traditional elementor-list-item-link-full_width elementor-widget elementor-widget-icon-list\" data-id=\"6f95805\" data-element_type=\"widget\" data-widget_type=\"icon-list.default\">\n\t\t\t\t<div class=\"elementor-widget-container\">\n\t\t\t\t\t\t\t<ul class=\"elementor-icon-list-items\">\n\t\t\t\t\t\t\t<li class=\"elementor-icon-list-item\">\n\t\t\t\t\t\t\t\t\t\t\t<a href=\"mailto:cv@coemco.org\">\n\n\t\t\t\t\t\t\t\t\t\t\t<span class=\"elementor-icon-list-text\">Envia\u2019ns el teu CV a cv@coemco.org<\/span>\n\t\t\t\t\t\t\t\t\t\t\t<\/a>\n\t\t\t\t\t\t\t\t\t<\/li>\n\t\t\t\t\t\t<\/ul>\n\t\t\t\t\t\t<\/div>\n\t\t\t\t<\/div>\n\t\t\t\t\t<\/div>\n\t\t<\/div>\n\t\t\t\t\t<\/div>\n\t\t<\/section>\n\t\t\t\t<\/div>\n\t\t","protected":false},"excerpt":{"rendered":"<p>Volem saber de tu Som una empresa d&#8217;alimentaci\u00f3 per a col\u00b7lectivitats Som una empresa d&#8217;alimentaci\u00f3 per a col\u00b7lectivitats compromesa amb les persones, el territori i el nostre planeta.Coemco neix l\u2019any 1976 amb la voluntat d\u2019oferir de manera professional un servei d\u2019alimentaci\u00f3 de qualitat en col\u00b7lectivitats, amb comprom\u00eds, implicaci\u00f3 i responsabilitat. Adre\u00e7a Abadessa Olzet, 14 bis, [&hellip;]<\/p>\n","protected":false},"author":2,"featured_media":0,"parent":0,"menu_order":0,"comment_status":"closed","ping_status":"closed","template":"elementor_header_footer","meta":{"_acf_changed":false,"footnotes":""},"class_list":["post-1743","page","type-page","status-publish","hentry"],"acf":[],"_links":{"self":[{"href":"https:\/\/coemco.org\/ca\/wp-json\/wp\/v2\/pages\/1743","targetHints":{"allow":["GET"]}}],"collection":[{"href":"https:\/\/coemco.org\/ca\/wp-json\/wp\/v2\/pages"}],"about":[{"href":"https:\/\/coemco.org\/ca\/wp-json\/wp\/v2\/types\/page"}],"author":[{"embeddable":true,"href":"https:\/\/coemco.org\/ca\/wp-json\/wp\/v2\/users\/2"}],"replies":[{"embeddable":true,"href":"https:\/\/coemco.org\/ca\/wp-json\/wp\/v2\/comments?post=1743"}],"version-history":[{"count":6,"href":"https:\/\/coemco.org\/ca\/wp-json\/wp\/v2\/pages\/1743\/revisions"}],"predecessor-version":[{"id":3057,"href":"https:\/\/coemco.org\/ca\/wp-json\/wp\/v2\/pages\/1743\/revisions\/3057"}],"wp:attachment":[{"href":"https:\/\/coemco.org\/ca\/wp-json\/wp\/v2\/media?parent=1743"}],"curies":[{"name":"wp","href":"https:\/\/api.w.org\/{rel}","templated":true}]}}